{"id":16,"date":"2017-12-26T18:17:42","date_gmt":"2017-12-26T17:17:42","guid":{"rendered":"http:\/\/azglobaldesign.com\/?page_id=16"},"modified":"2023-09-03T22:30:11","modified_gmt":"2023-09-03T20:30:11","slug":"accueil","status":"publish","type":"page","link":"http:\/\/azglobaldesign.com\/","title":{"rendered":"Qui sommes-nous?"},"content":{"rendered":"\n<div class=\"wp-block-columns are-vertically-aligned-top is-layout-flex wp-container-5\">\n<div class=\"wp-block-column is-vertically-aligned-top is-layout-flow\" style=\"flex-basis:100%\">\n<div class=\"wp-block-group is-layout-constrained\"><div class=\"wp-block-group__inner-container\">\n<div class=\"wp-block-columns is-layout-flex wp-container-2\">\n<div class=\"wp-block-column is-layout-flow\" style=\"flex-basis:100%\"><\/div>\n<\/div>\n<\/div><\/div>\n<\/div>\n<\/div>\n\n\n\n<div class=\"wp-block-columns is-layout-flex wp-container-8\">\n<div class=\"wp-block-column is-layout-flow\">\n<figure class=\"wp-block-image size-full\"><img fetchpriority=\"high\" decoding=\"async\" width=\"381\" height=\"602\" src=\"http:\/\/azglobaldesign.com\/wp-content\/uploads\/2023\/09\/Fichier-2.png\" alt=\"\" class=\"wp-image-2000\" srcset=\"https:\/\/azglobaldesign.com\/wp-content\/uploads\/2023\/09\/Fichier-2.png 381w, https:\/\/azglobaldesign.com\/wp-content\/uploads\/2023\/09\/Fichier-2-190x300.png 190w\" sizes=\"(max-width: 381px) 100vw, 381px\" \/><\/figure>\n\n\n\n<p><strong>Yirui Zhang<\/strong><\/p>\n\n\n\n<p class=\"has-small-font-size\">Dipl\u00f4m\u00e9e en design d&rsquo;espace (bac+4) \u00e0 l&rsquo;Universit\u00e9 des Sciences et Technologies de Wuhan en 2009.<br>Ensuite elle a travaill\u00e9 deux ans dans l&rsquo;agence VastDesign en Chine.<br>En France depuis 2012, ses stages de master la conduisent tour \u00e0 tour chez Bismut &amp; Bismut \u00e0 Paris et Restaurateur Sans Fronti\u00e8res \u00e0 Bangkok.<br>Apr\u00e8s son dipl\u00f4me de master en 2016 en architecture d&rsquo;int\u00e9rieur, design d&rsquo;objet et design graphique \u00e0 l&rsquo;\u00c9cole Bleue \u00e0 Paris, elle devient designer chez Dillon Garris, en suite Chef de projet chez Riccardo Haiat \u00e0 Paris.En 2020\u00a0 avec Aliaume P\u00e9ron, ils se sont\u00a0 installent \u00e0 Lyon et cr\u00e9ent leur propre agence AZ Global Design.<\/p>\n\n\n\n<p class=\"has-small-font-size\">De nature cr\u00e9ative et poss\u00e9dant un sens esth\u00e9tique prononc\u00e9, elle s\u2019est d\u00e9couvert une vraie passion pour le design global &#8211; G\u00e9rer les projets de A \u00e0 Z.<\/p>\n<\/div>\n\n\n\n<div class=\"wp-block-column is-layout-flow\">\n<div style=\"height:100px\" aria-hidden=\"true\" class=\"wp-block-spacer\"><\/div>\n\n\n\n<p><\/p>\n\n\n\n<p><strong>Aliaume P\u00e9ron<\/strong><\/p>\n\n\n\n<p class=\"has-small-font-size\">Issu d\u2019une formation professionnelle en agencement et titulaire d\u2019un CAP menuisier, il a exerc\u00e9 ce m\u00e9tier durant un an avant de reprendre une formation d\u2019agenceur d\u2019espace \u00e0 l\u2019\u00c9cole de Design de Bretagne suivi d\u2019un master en architecture d\u2019int\u00e9rieur, design d\u2019objet et design graphique \u00e0 l\u2019\u00c9cole Bleue. Un premier stage chez Opus Certum dans l\u2019architecture commerciale, suivi d\u2019un stage de 4 mois chez l\u2019architecte d\u00e9corateur Olivier Lempereur lui permet d\u2019\u00e9tudier des projets d\u2019architecture int\u00e9rieure soign\u00e9s et le sensibilise \u00e0 la qualit\u00e9 des d\u00e9tails architecturaux. A la sortie des \u00e9tudes, avec Yirui Zhang, ils prennent leur premier chantier en main et fondent un an plus tard AZ Global Design<\/p>\n\n\n\n<figure class=\"wp-block-image size-full\"><img decoding=\"async\" width=\"378\" height=\"602\" src=\"http:\/\/azglobaldesign.com\/wp-content\/uploads\/2023\/09\/Fichier-1.png\" alt=\"\" class=\"wp-image-1999\" srcset=\"https:\/\/azglobaldesign.com\/wp-content\/uploads\/2023\/09\/Fichier-1.png 378w, https:\/\/azglobaldesign.com\/wp-content\/uploads\/2023\/09\/Fichier-1-188x300.png 188w\" sizes=\"(max-width: 378px) 100vw, 378px\" \/><\/figure>\n<\/div>\n<\/div>\n","protected":false},"excerpt":{"rendered":"<p>Yirui Zhang Dipl\u00f4m\u00e9e en design d&rsquo;espace (bac+4) \u00e0 l&rsquo;Universit\u00e9 des Sciences et Technologies de Wuhan en 2009.Ensuite elle a travaill\u00e9 deux ans dans l&rsquo;agence VastDesign en Chine.En France depuis 2012, ses stages de master la conduisent tour \u00e0 tour chez Bismut &amp; Bismut \u00e0 Paris et Restaurateur Sans Fronti\u00e8res \u00e0 Bangkok.Apr\u00e8s son dipl\u00f4me de master [&hellip;]<\/p>\n","protected":false},"author":1,"featured_media":0,"parent":0,"menu_order":0,"comment_status":"closed","ping_status":"closed","template":"","meta":[],"_links":{"self":[{"href":"https:\/\/azglobaldesign.com\/index.php?rest_route=\/wp\/v2\/pages\/16"}],"collection":[{"href":"https:\/\/azglobaldesign.com\/index.php?rest_route=\/wp\/v2\/pages"}],"about":[{"href":"https:\/\/azglobaldesign.com\/index.php?rest_route=\/wp\/v2\/types\/page"}],"author":[{"embeddable":true,"href":"https:\/\/azglobaldesign.com\/index.php?rest_route=\/wp\/v2\/users\/1"}],"replies":[{"embeddable":true,"href":"https:\/\/azglobaldesign.com\/index.php?rest_route=%2Fwp%2Fv2%2Fcomments&post=16"}],"version-history":[{"count":42,"href":"https:\/\/azglobaldesign.com\/index.php?rest_route=\/wp\/v2\/pages\/16\/revisions"}],"predecessor-version":[{"id":2004,"href":"https:\/\/azglobaldesign.com\/index.php?rest_route=\/wp\/v2\/pages\/16\/revisions\/2004"}],"wp:attachment":[{"href":"https:\/\/azglobaldesign.com\/index.php?rest_route=%2Fwp%2Fv2%2Fmedia&parent=16"}],"curies":[{"name":"wp","href":"https:\/\/api.w.org\/{rel}","templated":true}]}}