{"id":154,"date":"2017-12-27T03:47:13","date_gmt":"2017-12-27T02:47:13","guid":{"rendered":"http:\/\/azglobaldesign.com\/?page_id=154"},"modified":"2023-09-03T22:31:36","modified_gmt":"2023-09-03T20:31:36","slug":"design-dobjet","status":"publish","type":"page","link":"https:\/\/azglobaldesign.com\/?page_id=154","title":{"rendered":"DESIGN MOBILIER"},"content":{"rendered":"<h3 style=\"text-align: left;\">Design t\u00eate de lit C<\/h3>\n<h3><img fetchpriority=\"high\" decoding=\"async\" class=\"aligncenter size-full wp-image-1950\" src=\"http:\/\/azglobaldesign.com\/wp-content\/uploads\/2023\/09\/Platonlogo.jpg\" alt=\"\" width=\"1000\" height=\"1250\" srcset=\"https:\/\/azglobaldesign.com\/wp-content\/uploads\/2023\/09\/Platonlogo.jpg 1000w, https:\/\/azglobaldesign.com\/wp-content\/uploads\/2023\/09\/Platonlogo-240x300.jpg 240w, https:\/\/azglobaldesign.com\/wp-content\/uploads\/2023\/09\/Platonlogo-819x1024.jpg 819w, https:\/\/azglobaldesign.com\/wp-content\/uploads\/2023\/09\/Platonlogo-768x960.jpg 768w\" sizes=\"(max-width: 1000px) 100vw, 1000px\" \/> <img decoding=\"async\" class=\"size-full wp-image-1949 aligncenter\" src=\"http:\/\/azglobaldesign.com\/wp-content\/uploads\/2023\/09\/Platonlogo-2.jpg\" alt=\"\" width=\"1250\" height=\"1000\" srcset=\"https:\/\/azglobaldesign.com\/wp-content\/uploads\/2023\/09\/Platonlogo-2.jpg 1250w, https:\/\/azglobaldesign.com\/wp-content\/uploads\/2023\/09\/Platonlogo-2-300x240.jpg 300w, https:\/\/azglobaldesign.com\/wp-content\/uploads\/2023\/09\/Platonlogo-2-1024x819.jpg 1024w, https:\/\/azglobaldesign.com\/wp-content\/uploads\/2023\/09\/Platonlogo-2-768x614.jpg 768w\" sizes=\"(max-width: 1250px) 100vw, 1250px\" \/><\/h3>\n<h3><\/h3>\n<h3 style=\"text-align: left;\">Pacha &#8211; Bureau d\u2019apparat<\/h3>\n<p>Dialogue entre savoir-faire artisanal et haute-technologie, PACHA se veut comme une r\u00e9\u00e9criture contemporaine des bureaux d\u2019apparat du XVIII\u00e8me si\u00e8cle. Son apparente simplicit\u00e9 dans le dessin laisse percevoir le travail de la main, le m\u00e9lange affirm\u00e9 des mat\u00e9riaux nobles et une finition irr\u00e9prochable par la pr\u00e9cision d\u2019un usinage num\u00e9rique.<\/p>\n<p style=\"text-align: center;\"><div id=\"metaslider-id-747\" style=\"max-width: 1200px; margin: 0 auto;\" class=\"ml-slider-3-37-0 metaslider metaslider-flex metaslider-747 ml-slider ms-theme-default nav-hidden\" role=\"region\" aria-roledescription=\"Slideshow\" aria-label=\"Slideshow\">\n    <div id=\"metaslider_container_747\">\n        <div id=\"metaslider_747\" class=\"flexslider\">\n            <ul aria-live=\"polite\" class=\"slides\">\n                <li style=\"display: block; width: 100%;\" class=\"slide-750 ms-image\" aria-roledescription=\"slide\" aria-label=\"slide-750\"><img src=\"https:\/\/azglobaldesign.com\/wp-content\/uploads\/2017\/12\/PACHA-visuel-synth.-1200x800.jpg\" height=\"800\" width=\"1200\" alt=\"\" class=\"slider-747 slide-750\" \/><\/li>\n                <li style=\"display: none; width: 100%;\" class=\"slide-752 ms-image\" aria-roledescription=\"slide\" aria-label=\"slide-752\"><img src=\"https:\/\/azglobaldesign.com\/wp-content\/uploads\/2017\/12\/r\u00e9sum\u00e9-A3-PACHA-Aliaume-1200x800.jpg\" height=\"800\" width=\"1200\" alt=\"\" class=\"slider-747 slide-752\" \/><\/li>\n            <\/ul>\n        <\/div>\n        \n    <\/div>\n<\/div><\/p>\n<h3 style=\"text-align: left;\">Rooo &#8211; Luminaire d&rsquo;ambiance<\/h3>\n<p>Lampe \u00e0 poser qui cr\u00e9e un effet de reflets d&rsquo;eau.<br \/>\nEn basculant la lampe, le dessin de reflet oscille l\u00e9g\u00e8rement dans l&rsquo;espace<\/p>\n<p style=\"text-align: center;\"><div id=\"metaslider-id-347\" style=\"max-width: 1200px; margin: 0 auto;\" class=\"ml-slider-3-37-0 metaslider metaslider-flex metaslider-347 ml-slider ms-theme-default nav-hidden nav-hidden\" role=\"region\" aria-roledescription=\"Slideshow\" aria-label=\"Slideshow\">\n    <div id=\"metaslider_container_347\">\n        <div id=\"metaslider_347\" class=\"flexslider\">\n            <ul aria-live=\"polite\" class=\"slides\">\n                <li style=\"display: block; width: 100%;\" class=\"slide-1067 ms-image\" aria-roledescription=\"slide\" aria-label=\"slide-1067\"><img width=\"1200\" height=\"675\" src=\"https:\/\/azglobaldesign.com\/wp-content\/uploads\/2018\/01\/ro2.jpg\" class=\"slider-347 slide-1067\" alt=\"\" decoding=\"async\" rel=\"\" title=\"\" srcset=\"https:\/\/azglobaldesign.com\/wp-content\/uploads\/2018\/01\/ro2.jpg 1200w, https:\/\/azglobaldesign.com\/wp-content\/uploads\/2018\/01\/ro2-300x169.jpg 300w, https:\/\/azglobaldesign.com\/wp-content\/uploads\/2018\/01\/ro2-768x432.jpg 768w, https:\/\/azglobaldesign.com\/wp-content\/uploads\/2018\/01\/ro2-1024x576.jpg 1024w, https:\/\/azglobaldesign.com\/wp-content\/uploads\/2018\/01\/ro2-750x422.jpg 750w\" sizes=\"(max-width: 1200px) 100vw, 1200px\" \/><\/li>\n                <li style=\"display: none; width: 100%;\" class=\"slide-1066 ms-image\" aria-roledescription=\"slide\" aria-label=\"slide-1066\"><img width=\"1200\" height=\"675\" src=\"https:\/\/azglobaldesign.com\/wp-content\/uploads\/2018\/01\/rooo-detail-zhang-yirui.jpg\" class=\"slider-347 slide-1066\" alt=\"\" decoding=\"async\" rel=\"\" title=\"\" srcset=\"https:\/\/azglobaldesign.com\/wp-content\/uploads\/2018\/01\/rooo-detail-zhang-yirui.jpg 1200w, https:\/\/azglobaldesign.com\/wp-content\/uploads\/2018\/01\/rooo-detail-zhang-yirui-300x169.jpg 300w, https:\/\/azglobaldesign.com\/wp-content\/uploads\/2018\/01\/rooo-detail-zhang-yirui-768x432.jpg 768w, https:\/\/azglobaldesign.com\/wp-content\/uploads\/2018\/01\/rooo-detail-zhang-yirui-1024x576.jpg 1024w, https:\/\/azglobaldesign.com\/wp-content\/uploads\/2018\/01\/rooo-detail-zhang-yirui-750x422.jpg 750w\" sizes=\"(max-width: 1200px) 100vw, 1200px\" \/><\/li>\n                <li style=\"display: none; width: 100%;\" class=\"slide-1065 ms-image\" aria-roledescription=\"slide\" aria-label=\"slide-1065\"><img width=\"1200\" height=\"675\" src=\"https:\/\/azglobaldesign.com\/wp-content\/uploads\/2018\/01\/ro.jpg\" class=\"slider-347 slide-1065\" alt=\"\" decoding=\"async\" rel=\"\" title=\"\" srcset=\"https:\/\/azglobaldesign.com\/wp-content\/uploads\/2018\/01\/ro.jpg 1200w, https:\/\/azglobaldesign.com\/wp-content\/uploads\/2018\/01\/ro-300x169.jpg 300w, https:\/\/azglobaldesign.com\/wp-content\/uploads\/2018\/01\/ro-768x432.jpg 768w, https:\/\/azglobaldesign.com\/wp-content\/uploads\/2018\/01\/ro-1024x576.jpg 1024w, https:\/\/azglobaldesign.com\/wp-content\/uploads\/2018\/01\/ro-750x422.jpg 750w\" sizes=\"(max-width: 1200px) 100vw, 1200px\" \/><\/li>\n                <li style=\"display: none; width: 100%;\" class=\"slide-1068 ms-image\" aria-roledescription=\"slide\" aria-label=\"slide-1068\"><img width=\"1200\" height=\"675\" src=\"https:\/\/azglobaldesign.com\/wp-content\/uploads\/2018\/01\/ro3.jpg\" class=\"slider-347 slide-1068\" alt=\"\" decoding=\"async\" rel=\"\" title=\"\" srcset=\"https:\/\/azglobaldesign.com\/wp-content\/uploads\/2018\/01\/ro3.jpg 1200w, https:\/\/azglobaldesign.com\/wp-content\/uploads\/2018\/01\/ro3-300x169.jpg 300w, https:\/\/azglobaldesign.com\/wp-content\/uploads\/2018\/01\/ro3-768x432.jpg 768w, https:\/\/azglobaldesign.com\/wp-content\/uploads\/2018\/01\/ro3-1024x576.jpg 1024w, https:\/\/azglobaldesign.com\/wp-content\/uploads\/2018\/01\/ro3-750x422.jpg 750w\" sizes=\"(max-width: 1200px) 100vw, 1200px\" \/><\/li>\n            <\/ul>\n        <\/div>\n        \n    <\/div>\n<\/div><\/p>\n<h3>Gros-Mo &#8211; Lampe tactile<\/h3>\n<p>Lumi\u00e8re d\u2019ambiance<br \/>\nInterrupteur tactile, trois puissances d&rsquo;\u00e9clairage pour lire, se d\u00e9tendre et veilleuse.<br \/>\nDesign d\u2019un patron pliable d\u2019une seule pi\u00e8ce.<\/p>\n<p style=\"text-align: center;\"><div id=\"metaslider-id-433\" style=\"max-width: 1200px; margin: 0 auto;\" class=\"ml-slider-3-37-0 metaslider metaslider-flex metaslider-433 ml-slider ms-theme-default nav-hidden nav-hidden nav-hidden\" role=\"region\" aria-roledescription=\"Slideshow\" aria-label=\"Slideshow\">\n    <div id=\"metaslider_container_433\">\n        <div id=\"metaslider_433\" class=\"flexslider\">\n            <ul aria-live=\"polite\" class=\"slides\">\n                <li style=\"display: block; width: 100%;\" class=\"slide-527 ms-image\" aria-roledescription=\"slide\" aria-label=\"slide-527\"><img width=\"1200\" height=\"859\" src=\"https:\/\/azglobaldesign.com\/wp-content\/uploads\/2017\/12\/grosmo1.jpg\" class=\"slider-433 slide-527\" alt=\"\" decoding=\"async\" rel=\"\" title=\"\" srcset=\"https:\/\/azglobaldesign.com\/wp-content\/uploads\/2017\/12\/grosmo1.jpg 1200w, https:\/\/azglobaldesign.com\/wp-content\/uploads\/2017\/12\/grosmo1-300x215.jpg 300w, https:\/\/azglobaldesign.com\/wp-content\/uploads\/2017\/12\/grosmo1-768x550.jpg 768w, https:\/\/azglobaldesign.com\/wp-content\/uploads\/2017\/12\/grosmo1-1024x733.jpg 1024w, https:\/\/azglobaldesign.com\/wp-content\/uploads\/2017\/12\/grosmo1-750x537.jpg 750w\" sizes=\"(max-width: 1200px) 100vw, 1200px\" \/><\/li>\n                <li style=\"display: none; width: 100%;\" class=\"slide-931 ms-image\" aria-roledescription=\"slide\" aria-label=\"slide-931\"><img width=\"1200\" height=\"859\" src=\"https:\/\/azglobaldesign.com\/wp-content\/uploads\/2017\/12\/grosmo2.jpg\" class=\"slider-433 slide-931\" alt=\"\" decoding=\"async\" rel=\"\" title=\"\" srcset=\"https:\/\/azglobaldesign.com\/wp-content\/uploads\/2017\/12\/grosmo2.jpg 1200w, https:\/\/azglobaldesign.com\/wp-content\/uploads\/2017\/12\/grosmo2-300x215.jpg 300w, https:\/\/azglobaldesign.com\/wp-content\/uploads\/2017\/12\/grosmo2-768x550.jpg 768w, https:\/\/azglobaldesign.com\/wp-content\/uploads\/2017\/12\/grosmo2-1024x733.jpg 1024w, https:\/\/azglobaldesign.com\/wp-content\/uploads\/2017\/12\/grosmo2-750x537.jpg 750w\" sizes=\"(max-width: 1200px) 100vw, 1200px\" \/><\/li>\n                <li style=\"display: none; width: 100%;\" class=\"slide-933 ms-image\" aria-roledescription=\"slide\" aria-label=\"slide-933\"><img width=\"1200\" height=\"859\" src=\"https:\/\/azglobaldesign.com\/wp-content\/uploads\/2017\/12\/grosmo-1.jpg\" class=\"slider-433 slide-933\" alt=\"\" decoding=\"async\" rel=\"\" title=\"\" srcset=\"https:\/\/azglobaldesign.com\/wp-content\/uploads\/2017\/12\/grosmo-1.jpg 1200w, https:\/\/azglobaldesign.com\/wp-content\/uploads\/2017\/12\/grosmo-1-300x215.jpg 300w, https:\/\/azglobaldesign.com\/wp-content\/uploads\/2017\/12\/grosmo-1-768x550.jpg 768w, https:\/\/azglobaldesign.com\/wp-content\/uploads\/2017\/12\/grosmo-1-1024x733.jpg 1024w, https:\/\/azglobaldesign.com\/wp-content\/uploads\/2017\/12\/grosmo-1-750x537.jpg 750w\" sizes=\"(max-width: 1200px) 100vw, 1200px\" \/><\/li>\n            <\/ul>\n        <\/div>\n        \n    <\/div>\n<\/div><\/p>\n<h3 style=\"text-align: left;\">Des Monts &#8211; Une gamme des produits en pl\u00e2tre<\/h3>\n<ul>\n<li>Luminaire d\u2019ambiance<\/li>\n<li>Miroir grand format<\/li>\n<li>Parement\u00a0 mural<\/li>\n<\/ul>\n<p style=\"text-align: center;\"><div id=\"metaslider-id-855\" style=\"max-width: 1200px; margin: 0 auto;\" class=\"ml-slider-3-37-0 metaslider metaslider-flex metaslider-855 ml-slider ms-theme-default nav-hidden nav-hidden nav-hidden nav-hidden\" role=\"region\" aria-roledescription=\"Slideshow\" aria-label=\"Slideshow\">\n    <div id=\"metaslider_container_855\">\n        <div id=\"metaslider_855\" class=\"flexslider\">\n            <ul aria-live=\"polite\" class=\"slides\">\n                <li style=\"display: block; width: 100%;\" class=\"slide-869 ms-image\" aria-roledescription=\"slide\" aria-label=\"slide-869\"><img src=\"https:\/\/azglobaldesign.com\/wp-content\/uploads\/2017\/12\/mont2-1200x800.jpg\" height=\"800\" width=\"1200\" alt=\"\" class=\"slider-855 slide-869\" \/><\/li>\n                <li style=\"display: none; width: 100%;\" class=\"slide-868 ms-image\" aria-roledescription=\"slide\" aria-label=\"slide-868\"><img src=\"https:\/\/azglobaldesign.com\/wp-content\/uploads\/2017\/12\/mont1-1200x800.jpg\" height=\"800\" width=\"1200\" alt=\"\" class=\"slider-855 slide-868\" \/><\/li>\n                <li style=\"display: none; width: 100%;\" class=\"slide-870 ms-image\" aria-roledescription=\"slide\" aria-label=\"slide-870\"><img src=\"https:\/\/azglobaldesign.com\/wp-content\/uploads\/2017\/12\/mi1-1-1200x800.jpg\" height=\"800\" width=\"1200\" alt=\"\" class=\"slider-855 slide-870\" \/><\/li>\n                <li style=\"display: none; width: 100%;\" class=\"slide-875 ms-image\" aria-roledescription=\"slide\" aria-label=\"slide-875\"><img src=\"https:\/\/azglobaldesign.com\/wp-content\/uploads\/2017\/12\/mont4-1200x800.jpg\" height=\"800\" width=\"1200\" alt=\"\" class=\"slider-855 slide-875\" \/><\/li>\n                <li style=\"display: none; width: 100%;\" class=\"slide-872 ms-image\" aria-roledescription=\"slide\" aria-label=\"slide-872\"><img src=\"https:\/\/azglobaldesign.com\/wp-content\/uploads\/2017\/12\/mont3-1200x800.jpg\" height=\"800\" width=\"1200\" alt=\"\" class=\"slider-855 slide-872\" \/><\/li>\n            <\/ul>\n        <\/div>\n        \n    <\/div>\n<\/div><\/p>\n<h3>Milky Way &#8211; Luminaire d&rsquo;ambiance<\/h3>\n<p>Lampe \u00e0 suspendre faite d&rsquo;une feuille de polyester pli\u00e9e \u00e0 la main.<br \/>\nLe pliage reste le m\u00eame, quelque soit la taille de la feuille, ce qui peut permettre de produire une famille de luminaire.<br \/>\nL&rsquo;association de plusieurs cercle cr\u00e9\u00e9e une composition lumineuse.<\/p>\n<p style=\"text-align: center;\"><div id=\"metaslider-id-1050\" style=\"max-width: 1200px;\" class=\"ml-slider-3-37-0 metaslider metaslider-flex metaslider-1050 ml-slider ms-theme-default nav-hidden nav-hidden nav-hidden nav-hidden nav-hidden\" role=\"region\" aria-roledescription=\"Slideshow\" aria-label=\"Slideshow\">\n    <div id=\"metaslider_container_1050\">\n        <div id=\"metaslider_1050\" class=\"flexslider\">\n            <ul aria-live=\"polite\" class=\"slides\">\n                <li style=\"display: block; width: 100%;\" class=\"slide-1055 ms-image\" aria-roledescription=\"slide\" aria-label=\"slide-1055\"><img width=\"1200\" height=\"800\" src=\"https:\/\/azglobaldesign.com\/wp-content\/uploads\/2018\/01\/mw-1.jpg\" class=\"slider-1050 slide-1055\" alt=\"\" decoding=\"async\" rel=\"\" title=\"\" srcset=\"https:\/\/azglobaldesign.com\/wp-content\/uploads\/2018\/01\/mw-1.jpg 1200w, https:\/\/azglobaldesign.com\/wp-content\/uploads\/2018\/01\/mw-1-300x200.jpg 300w, https:\/\/azglobaldesign.com\/wp-content\/uploads\/2018\/01\/mw-1-768x512.jpg 768w, https:\/\/azglobaldesign.com\/wp-content\/uploads\/2018\/01\/mw-1-1024x683.jpg 1024w, https:\/\/azglobaldesign.com\/wp-content\/uploads\/2018\/01\/mw-1-750x500.jpg 750w\" sizes=\"(max-width: 1200px) 100vw, 1200px\" \/><\/li>\n                <li style=\"display: none; width: 100%;\" class=\"slide-1056 ms-image\" aria-roledescription=\"slide\" aria-label=\"slide-1056\"><img width=\"1200\" height=\"800\" src=\"https:\/\/azglobaldesign.com\/wp-content\/uploads\/2018\/01\/mw-2.jpg\" class=\"slider-1050 slide-1056\" alt=\"\" decoding=\"async\" rel=\"\" title=\"\" srcset=\"https:\/\/azglobaldesign.com\/wp-content\/uploads\/2018\/01\/mw-2.jpg 1200w, https:\/\/azglobaldesign.com\/wp-content\/uploads\/2018\/01\/mw-2-300x200.jpg 300w, https:\/\/azglobaldesign.com\/wp-content\/uploads\/2018\/01\/mw-2-768x512.jpg 768w, https:\/\/azglobaldesign.com\/wp-content\/uploads\/2018\/01\/mw-2-1024x683.jpg 1024w, https:\/\/azglobaldesign.com\/wp-content\/uploads\/2018\/01\/mw-2-750x500.jpg 750w\" sizes=\"(max-width: 1200px) 100vw, 1200px\" \/><\/li>\n                <li style=\"display: none; width: 100%;\" class=\"slide-1058 ms-image\" aria-roledescription=\"slide\" aria-label=\"slide-1058\"><img width=\"1200\" height=\"800\" src=\"https:\/\/azglobaldesign.com\/wp-content\/uploads\/2018\/01\/mw-4.jpg\" class=\"slider-1050 slide-1058\" alt=\"\" decoding=\"async\" rel=\"\" title=\"\" srcset=\"https:\/\/azglobaldesign.com\/wp-content\/uploads\/2018\/01\/mw-4.jpg 1200w, https:\/\/azglobaldesign.com\/wp-content\/uploads\/2018\/01\/mw-4-300x200.jpg 300w, https:\/\/azglobaldesign.com\/wp-content\/uploads\/2018\/01\/mw-4-768x512.jpg 768w, https:\/\/azglobaldesign.com\/wp-content\/uploads\/2018\/01\/mw-4-1024x683.jpg 1024w, https:\/\/azglobaldesign.com\/wp-content\/uploads\/2018\/01\/mw-4-750x500.jpg 750w\" sizes=\"(max-width: 1200px) 100vw, 1200px\" \/><\/li>\n            <\/ul>\n        <\/div>\n        \n    <\/div>\n<\/div><\/p>\n","protected":false},"excerpt":{"rendered":"<p>Design t\u00eate de lit C Pacha &#8211; Bureau d\u2019apparat Dialogue entre savoir-faire artisanal et haute-technologie, PACHA se veut comme une r\u00e9\u00e9criture contemporaine des bureaux d\u2019apparat du XVIII\u00e8me si\u00e8cle. Son apparente simplicit\u00e9 dans le dessin laisse percevoir le travail de la main, le m\u00e9lange affirm\u00e9 des mat\u00e9riaux nobles et une finition irr\u00e9prochable par la pr\u00e9cision d\u2019un [&hellip;]<\/p>\n","protected":false},"author":1,"featured_media":864,"parent":0,"menu_order":0,"comment_status":"closed","ping_status":"closed","template":"","meta":[],"_links":{"self":[{"href":"https:\/\/azglobaldesign.com\/index.php?rest_route=\/wp\/v2\/pages\/154"}],"collection":[{"href":"https:\/\/azglobaldesign.com\/index.php?rest_route=\/wp\/v2\/pages"}],"about":[{"href":"https:\/\/azglobaldesign.com\/index.php?rest_route=\/wp\/v2\/types\/page"}],"author":[{"embeddable":true,"href":"https:\/\/azglobaldesign.com\/index.php?rest_route=\/wp\/v2\/users\/1"}],"replies":[{"embeddable":true,"href":"https:\/\/azglobaldesign.com\/index.php?rest_route=%2Fwp%2Fv2%2Fcomments&post=154"}],"version-history":[{"count":68,"href":"https:\/\/azglobaldesign.com\/index.php?rest_route=\/wp\/v2\/pages\/154\/revisions"}],"predecessor-version":[{"id":2006,"href":"https:\/\/azglobaldesign.com\/index.php?rest_route=\/wp\/v2\/pages\/154\/revisions\/2006"}],"wp:featuredmedia":[{"embeddable":true,"href":"https:\/\/azglobaldesign.com\/index.php?rest_route=\/wp\/v2\/media\/864"}],"wp:attachment":[{"href":"https:\/\/azglobaldesign.com\/index.php?rest_route=%2Fwp%2Fv2%2Fmedia&parent=154"}],"curies":[{"name":"wp","href":"https:\/\/api.w.org\/{rel}","templated":true}]}}